{"id":543,"date":"2024-04-30T07:52:52","date_gmt":"2024-04-30T07:52:52","guid":{"rendered":"https:\/\/www.ukstravelworldwide.com\/service-trucks\/"},"modified":"2024-11-26T10:19:01","modified_gmt":"2024-11-26T10:19:01","slug":"service-trucks","status":"publish","type":"page","link":"https:\/\/www.ukstravelworldwide.com\/en\/service-trucks\/","title":{"rendered":"Service Trucks"},"content":{"rendered":"\t\t<div data-elementor-type=\"wp-page\" data-elementor-id=\"543\" class=\"elementor elementor-543 elementor-259\" data-elementor-post-type=\"page\">\n\t\t\t\t\t\t<section class=\"elementor-section elementor-top-section elementor-element elementor-element-68380f3 elementor-section-boxed elementor-section-height-default elementor-section-height-default\" data-id=\"68380f3\" data-element_type=\"section\" data-e-type=\"section\" data-settings=\"{&quot;background_background&quot;:&quot;classic&quot;}\">\n\t\t\t\t\t\t<div class=\"elementor-container elementor-column-gap-default\">\n\t\t\t\t\t<div class=\"elementor-column elementor-col-100 elementor-top-column elementor-element elementor-element-8028d78\" data-id=\"8028d78\" data-element_type=\"column\" data-e-type=\"column\">\n\t\t\t<div class=\"elementor-widget-wrap elementor-element-populated\">\n\t\t\t\t\t\t<section class=\"elementor-section elementor-inner-section elementor-element elementor-element-b8b5f4a elementor-section-boxed elementor-section-height-default elementor-section-height-default\" data-id=\"b8b5f4a\" data-element_type=\"section\" data-e-type=\"section\">\n\t\t\t\t\t\t<div class=\"elementor-container elementor-column-gap-default\">\n\t\t\t\t\t<div class=\"elementor-column elementor-col-100 elementor-inner-column elementor-element elementor-element-3f00994\" data-id=\"3f00994\" data-element_type=\"column\" data-e-type=\"column\">\n\t\t\t<div class=\"elementor-widget-wrap elementor-element-populated\">\n\t\t\t\t\t\t<div class=\"elementor-element elementor-element-73cfb6e elementor-widget elementor-widget-elementskit-heading\" data-id=\"73cfb6e\" data-element_type=\"widget\" data-e-type=\"widget\" data-widget_type=\"elementskit-heading.default\">\n\t\t\t\t<div class=\"elementor-widget-container\">\n\t\t\t\t\t<div class=\"ekit-wid-con\" ><div class=\"ekit-heading elementskit-section-title-wraper text_left   ekit_heading_tablet-   ekit_heading_mobile-\"><div class=\"ekit_heading_separetor_wraper ekit_heading_elementskit-border-divider elementskit-style-long\"><div class=\"elementskit-border-divider elementskit-style-long\"><\/div><\/div><h2 class=\"ekit-heading--title elementskit-section-title \">Service <span>Utility Trucks<\/span><\/h2><\/div><\/div>\t\t\t\t<\/div>\n\t\t\t\t<\/div>\n\t\t\t\t\t<\/div>\n\t\t<\/div>\n\t\t\t\t\t<\/div>\n\t\t<\/section>\n\t\t\t\t<section class=\"elementor-section elementor-inner-section elementor-element elementor-element-160c1ec elementor-section-full_width elementor-section-height-default elementor-section-height-default\" data-id=\"160c1ec\" data-element_type=\"section\" data-e-type=\"section\">\n\t\t\t\t\t\t<div class=\"elementor-container elementor-column-gap-wider\">\n\t\t\t\t\t<div class=\"elementor-column elementor-col-100 elementor-inner-column elementor-element elementor-element-f128295\" data-id=\"f128295\" data-element_type=\"column\" data-e-type=\"column\">\n\t\t\t<div class=\"elementor-widget-wrap elementor-element-populated\">\n\t\t\t\t\t\t<div class=\"elementor-element elementor-element-546cdb2 elementor-widget elementor-widget-elementskit-heading\" data-id=\"546cdb2\" data-element_type=\"widget\" data-e-type=\"widget\" data-widget_type=\"elementskit-heading.default\">\n\t\t\t\t<div class=\"elementor-widget-container\">\n\t\t\t\t\t<div class=\"ekit-wid-con\" ><div class=\"ekit-heading elementskit-section-title-wraper text_left   ekit_heading_tablet-   ekit_heading_mobile-\"><h2 class=\"ekit-heading--title elementskit-section-title \">Commercial Truck Service<\/h2><\/div><\/div>\t\t\t\t<\/div>\n\t\t\t\t<\/div>\n\t\t\t\t<div class=\"elementor-element elementor-element-202dcd7 elementor-widget elementor-widget-gallery\" data-id=\"202dcd7\" data-element_type=\"widget\" data-e-type=\"widget\" data-settings=\"{&quot;columns&quot;:3,&quot;lazyload&quot;:&quot;yes&quot;,&quot;gallery_layout&quot;:&quot;grid&quot;,&quot;columns_tablet&quot;:2,&quot;columns_mobile&quot;:1,&quot;gap&quot;:{&quot;unit&quot;:&quot;px&quot;,&quot;size&quot;:10,&quot;sizes&quot;:[]},&quot;gap_tablet&quot;:{&quot;unit&quot;:&quot;px&quot;,&quot;size&quot;:10,&quot;sizes&quot;:[]},&quot;gap_mobile&quot;:{&quot;unit&quot;:&quot;px&quot;,&quot;size&quot;:10,&quot;sizes&quot;:[]},&quot;link_to&quot;:&quot;file&quot;,&quot;aspect_ratio&quot;:&quot;3:2&quot;,&quot;overlay_background&quot;:&quot;yes&quot;,&quot;content_hover_animation&quot;:&quot;fade-in&quot;}\" data-widget_type=\"gallery.default\">\n\t\t\t\t<div class=\"elementor-widget-container\">\n\t\t\t\t\t\t\t<div class=\"elementor-gallery__container\">\n\t\t\t\t\t\t\t<a class=\"e-gallery-item elementor-gallery-item elementor-animated-content\" href=\"https:\/\/www.ukstravelworldwide.com\/wp-content\/uploads\/2024\/05\/car-parking-with-lots-white-cargo-van-scaled.jpg\" data-elementor-open-lightbox=\"yes\" data-elementor-lightbox-slideshow=\"202dcd7\" data-elementor-lightbox-title=\"car parking with lots of white cargo van\" data-e-action-hash=\"#elementor-action%3Aaction%3Dlightbox%26settings%3DeyJpZCI6Mzk3LCJ1cmwiOiJodHRwczpcL1wvd3d3LnVrc3RyYXZlbHdvcmxkd2lkZS5jb21cL3dwLWNvbnRlbnRcL3VwbG9hZHNcLzIwMjRcLzA1XC9jYXItcGFya2luZy13aXRoLWxvdHMtd2hpdGUtY2FyZ28tdmFuLXNjYWxlZC5qcGciLCJzbGlkZXNob3ciOiIyMDJkY2Q3In0%3D\">\n\t\t\t\t\t<div class=\"e-gallery-image elementor-gallery-item__image\" data-thumbnail=\"https:\/\/www.ukstravelworldwide.com\/wp-content\/uploads\/2024\/05\/car-parking-with-lots-white-cargo-van-300x200.jpg\" data-width=\"300\" data-height=\"200\" aria-label=\"\" role=\"img\" ><\/div>\n\t\t\t\t\t\t\t\t\t\t\t<div class=\"elementor-gallery-item__overlay\"><\/div>\n\t\t\t\t\t\t\t\t\t\t\t\t\t\t<\/a>\n\t\t\t\t\t\t\t<a class=\"e-gallery-item elementor-gallery-item elementor-animated-content\" href=\"https:\/\/www.ukstravelworldwide.com\/wp-content\/uploads\/2024\/05\/white-truck-road-with-natural-landscape-3d-rendering-scaled.jpg\" data-elementor-open-lightbox=\"yes\" data-elementor-lightbox-slideshow=\"202dcd7\" data-elementor-lightbox-title=\"Truck on the road 3D Rendering\" data-e-action-hash=\"#elementor-action%3Aaction%3Dlightbox%26settings%3DeyJpZCI6Mzk5LCJ1cmwiOiJodHRwczpcL1wvd3d3LnVrc3RyYXZlbHdvcmxkd2lkZS5jb21cL3dwLWNvbnRlbnRcL3VwbG9hZHNcLzIwMjRcLzA1XC93aGl0ZS10cnVjay1yb2FkLXdpdGgtbmF0dXJhbC1sYW5kc2NhcGUtM2QtcmVuZGVyaW5nLXNjYWxlZC5qcGciLCJzbGlkZXNob3ciOiIyMDJkY2Q3In0%3D\">\n\t\t\t\t\t<div class=\"e-gallery-image elementor-gallery-item__image\" data-thumbnail=\"https:\/\/www.ukstravelworldwide.com\/wp-content\/uploads\/2024\/05\/white-truck-road-with-natural-landscape-3d-rendering-300x200.jpg\" data-width=\"300\" data-height=\"200\" aria-label=\"\" role=\"img\" ><\/div>\n\t\t\t\t\t\t\t\t\t\t\t<div class=\"elementor-gallery-item__overlay\"><\/div>\n\t\t\t\t\t\t\t\t\t\t\t\t\t\t<\/a>\n\t\t\t\t\t\t\t<a class=\"e-gallery-item elementor-gallery-item elementor-animated-content\" href=\"https:\/\/www.ukstravelworldwide.com\/wp-content\/uploads\/2024\/05\/van-parking-lot-ing-scaled.jpg\" data-elementor-open-lightbox=\"yes\" data-elementor-lightbox-slideshow=\"202dcd7\" data-elementor-lightbox-title=\"Mock up of a van on a parking lot - 3d rendering\" data-e-action-hash=\"#elementor-action%3Aaction%3Dlightbox%26settings%3DeyJpZCI6Mzk4LCJ1cmwiOiJodHRwczpcL1wvd3d3LnVrc3RyYXZlbHdvcmxkd2lkZS5jb21cL3dwLWNvbnRlbnRcL3VwbG9hZHNcLzIwMjRcLzA1XC92YW4tcGFya2luZy1sb3QtaW5nLXNjYWxlZC5qcGciLCJzbGlkZXNob3ciOiIyMDJkY2Q3In0%3D\">\n\t\t\t\t\t<div class=\"e-gallery-image elementor-gallery-item__image\" data-thumbnail=\"https:\/\/www.ukstravelworldwide.com\/wp-content\/uploads\/2024\/05\/van-parking-lot-ing-300x200.jpg\" data-width=\"300\" data-height=\"200\" aria-label=\"\" role=\"img\" ><\/div>\n\t\t\t\t\t\t\t\t\t\t\t<div class=\"elementor-gallery-item__overlay\"><\/div>\n\t\t\t\t\t\t\t\t\t\t\t\t\t\t<\/a>\n\t\t\t\t\t<\/div>\n\t\t\t\t\t<\/div>\n\t\t\t\t<\/div>\n\t\t\t\t<div class=\"elementor-element elementor-element-c067e43 elementor-widget elementor-widget-text-editor\" data-id=\"c067e43\" data-element_type=\"widget\" data-e-type=\"widget\" data-widget_type=\"text-editor.default\">\n\t\t\t\t<div class=\"elementor-widget-container\">\n\t\t\t\t\t\t\t\t\t<p>Order road transport in 3 clicks Get the reach you need to stay ahead of the game with our wide choice of quality road transport solutions. Whether you need road, rail or both, our shipping solutions will get your shipments to their destination, on time and reliably. It doesn&#8217;t matter whether you need a one-off parcel shipment or want to manage all your personal a\ufb00aire or.<\/p>\n<p>Our ground transportation fleet can take your goods anywhere. Our transport products have ensured the success of millions of Route shipments. With a wealth of experience in quality transport and on-time delivery, your products will be in safe hands.<\/p>\n<p>Transporting personal a\ufb00aire is often priceless and requires a particularly high level of care, skill and discretion. Our chau\ufb00eurs have acquired extensive experience not only in transport, but also in packaging and installation, as well as in handling.<\/p>\n<p>The vehicles used to transport your parts are air-conditioned and specially equipped to meet the industry&#8217;s most stringent requirements for the preservation of are whole.<\/p>\n<p>We also o\ufb00rons a service for traveling exhibitions, which takes care of the packing and unpacking of complete exhibitions. In this way, we can keep track of local (Parisian), national and international exhibitions.<\/p>\n<p>Our constant aim is to deliver personal a\ufb00aires such as suitcases, art collections at the highest level of quality. Our status as a recognized company enables us to work with leading hotels such as the Four Seasons Hotel George V Paris , Shangri-La Hotel Paris,Le Mandarin Oriental Paris,H\u00f4tel Le Royal Monceau Ra\ufb04es Paris,Park Hyatt Paris Vend\u00f4me,Le Meurice,Plaza Ath\u00e9n\u00e9e, museums and to handle the finest collections of paintings, statues and other rare and fragile pieces.<\/p>\n\t\t\t\t\t\t\t\t<\/div>\n\t\t\t\t<\/div>\n\t\t\t\t<div class=\"elementor-element elementor-element-4ef1b33 elementor-widget elementor-widget-button\" data-id=\"4ef1b33\" data-element_type=\"widget\" data-e-type=\"widget\" data-widget_type=\"button.default\">\n\t\t\t\t<div class=\"elementor-widget-container\">\n\t\t\t\t\t\t\t\t\t<div class=\"elementor-button-wrapper\">\n\t\t\t\t\t<a class=\"elementor-button elementor-button-link elementor-size-sm\" href=\"#\">\n\t\t\t\t\t\t<span class=\"elementor-button-content-wrapper\">\n\t\t\t\t\t\t<span class=\"elementor-button-icon\">\n\t\t\t\t<i aria-hidden=\"true\" class=\"icon icon-right-arrow\"><\/i>\t\t\t<\/span>\n\t\t\t\t\t\t\t\t\t<span class=\"elementor-button-text\">Reservation<\/span>\n\t\t\t\t\t<\/span>\n\t\t\t\t\t<\/a>\n\t\t\t\t<\/div>\n\t\t\t\t\t\t\t\t<\/div>\n\t\t\t\t<\/div>\n\t\t\t\t\t<\/div>\n\t\t<\/div>\n\t\t\t\t\t<\/div>\n\t\t<\/section>\n\t\t\t\t\t<\/div>\n\t\t<\/div>\n\t\t\t\t\t<\/div>\n\t\t<\/section>\n\t\t\t\t<\/div>\n\t\t","protected":false},"excerpt":{"rendered":"<p>Service Utility Trucks Commercial Truck Service Order road transport in 3 clicks Get the reach you need to stay ahead [&hellip;]<\/p>\n","protected":false},"author":1,"featured_media":0,"parent":0,"menu_order":0,"comment_status":"closed","ping_status":"closed","template":"","meta":{"site-sidebar-layout":"no-sidebar","site-content-layout":"","ast-site-content-layout":"full-width-container","site-content-style":"default","site-sidebar-style":"default","ast-global-header-display":"disabled","ast-banner-title-visibility":"disabled","ast-main-header-display":"","ast-hfb-above-header-display":"","ast-hfb-below-header-display":"","ast-hfb-mobile-header-display":"","site-post-title":"disabled","ast-breadcrumbs-content":"","ast-featured-img":"disabled","footer-sml-layout":"disabled","ast-disable-related-posts":"","theme-transparent-header-meta":"","adv-header-id-meta":"","stick-header-meta":"","header-above-stick-meta":"","header-main-stick-meta":"","header-below-stick-meta":"","astra-migrate-meta-layouts":"default","ast-page-background-enabled":"default","ast-page-background-meta":{"desktop":{"background-color":"var(--ast-global-color-4)","background-image":"","background-repeat":"repeat","background-position":"center center","background-size":"auto","background-attachment":"scroll","background-type":"","background-media":"","overlay-type":"","overlay-color":"","overlay-opacity":"","overlay-gradient":""},"tablet":{"background-color":"","background-image":"","background-repeat":"repeat","background-position":"center center","background-size":"auto","background-attachment":"scroll","background-type":"","background-media":"","overlay-type":"","overlay-color":"","overlay-opacity":"","overlay-gradient":""},"mobile":{"background-color":"","background-image":"","background-repeat":"repeat","background-position":"center center","background-size":"auto","background-attachment":"scroll","background-type":"","background-media":"","overlay-type":"","overlay-color":"","overlay-opacity":"","overlay-gradient":""}},"ast-content-background-meta":{"desktop":{"background-color":"var(--ast-global-color-5)","background-image":"","background-repeat":"repeat","background-position":"center center","background-size":"auto","background-attachment":"scroll","background-type":"","background-media":"","overlay-type":"","overlay-color":"","overlay-opacity":"","overlay-gradient":""},"tablet":{"background-color":"var(--ast-global-color-5)","background-image":"","background-repeat":"repeat","background-position":"center center","background-size":"auto","background-attachment":"scroll","background-type":"","background-media":"","overlay-type":"","overlay-color":"","overlay-opacity":"","overlay-gradient":""},"mobile":{"background-color":"var(--ast-global-color-5)","background-image":"","background-repeat":"repeat","background-position":"center center","background-size":"auto","background-attachment":"scroll","background-type":"","background-media":"","overlay-type":"","overlay-color":"","overlay-opacity":"","overlay-gradient":""}},"footnotes":""},"class_list":["post-543","page","type-page","status-publish","hentry"],"yoast_head":"<!-- This site is optimized with the Yoast SEO plugin v27.3 - https:\/\/yoast.com\/product\/yoast-seo-wordpress\/ -->\n<title>Service Trucks - UKS Travel Wolrd Wide<\/title>\n<meta name=\"robots\" content=\"index, follow, max-snippet:-1, max-image-preview:large, max-video-preview:-1\" \/>\n<link rel=\"canonical\" href=\"https:\/\/www.ukstravelworldwide.com\/en\/service-trucks\/\" \/>\n<meta property=\"og:locale\" content=\"en_US\" \/>\n<meta property=\"og:type\" content=\"article\" \/>\n<meta property=\"og:title\" content=\"Service Trucks - UKS Travel Wolrd Wide\" \/>\n<meta property=\"og:description\" content=\"Service Utility Trucks Commercial Truck Service Order road transport in 3 clicks Get the reach you need to stay ahead [&hellip;]\" \/>\n<meta property=\"og:url\" content=\"https:\/\/www.ukstravelworldwide.com\/en\/service-trucks\/\" \/>\n<meta property=\"og:site_name\" content=\"UKS Travel Wolrd Wide\" \/>\n<meta property=\"article:modified_time\" content=\"2024-11-26T10:19:01+00:00\" \/>\n<meta name=\"twitter:card\" content=\"summary_large_image\" \/>\n<meta name=\"twitter:label1\" content=\"Est. reading time\" \/>\n\t<meta name=\"twitter:data1\" content=\"1 minute\" \/>\n<script type=\"application\/ld+json\" class=\"yoast-schema-graph\">{\"@context\":\"https:\\\/\\\/schema.org\",\"@graph\":[{\"@type\":\"WebPage\",\"@id\":\"https:\\\/\\\/www.ukstravelworldwide.com\\\/en\\\/service-trucks\\\/\",\"url\":\"https:\\\/\\\/www.ukstravelworldwide.com\\\/en\\\/service-trucks\\\/\",\"name\":\"Service Trucks - UKS Travel Wolrd Wide\",\"isPartOf\":{\"@id\":\"https:\\\/\\\/www.ukstravelworldwide.com\\\/en\\\/#website\"},\"datePublished\":\"2024-04-30T07:52:52+00:00\",\"dateModified\":\"2024-11-26T10:19:01+00:00\",\"breadcrumb\":{\"@id\":\"https:\\\/\\\/www.ukstravelworldwide.com\\\/en\\\/service-trucks\\\/#breadcrumb\"},\"inLanguage\":\"en-US\",\"potentialAction\":[{\"@type\":\"ReadAction\",\"target\":[\"https:\\\/\\\/www.ukstravelworldwide.com\\\/en\\\/service-trucks\\\/\"]}]},{\"@type\":\"BreadcrumbList\",\"@id\":\"https:\\\/\\\/www.ukstravelworldwide.com\\\/en\\\/service-trucks\\\/#breadcrumb\",\"itemListElement\":[{\"@type\":\"ListItem\",\"position\":1,\"name\":\"Accueil\",\"item\":\"https:\\\/\\\/www.ukstravelworldwide.com\\\/en\\\/\"},{\"@type\":\"ListItem\",\"position\":2,\"name\":\"Service Trucks\"}]},{\"@type\":\"WebSite\",\"@id\":\"https:\\\/\\\/www.ukstravelworldwide.com\\\/en\\\/#website\",\"url\":\"https:\\\/\\\/www.ukstravelworldwide.com\\\/en\\\/\",\"name\":\"UKS Travel Wolrd Wide\",\"description\":\"Chauffeur priv&eacute; Paris &amp; IDF\",\"publisher\":{\"@id\":\"https:\\\/\\\/www.ukstravelworldwide.com\\\/en\\\/#organization\"},\"potentialAction\":[{\"@type\":\"SearchAction\",\"target\":{\"@type\":\"EntryPoint\",\"urlTemplate\":\"https:\\\/\\\/www.ukstravelworldwide.com\\\/en\\\/?s={search_term_string}\"},\"query-input\":{\"@type\":\"PropertyValueSpecification\",\"valueRequired\":true,\"valueName\":\"search_term_string\"}}],\"inLanguage\":\"en-US\"},{\"@type\":\"Organization\",\"@id\":\"https:\\\/\\\/www.ukstravelworldwide.com\\\/en\\\/#organization\",\"name\":\"UKS Travel Wolrd Wide\",\"url\":\"https:\\\/\\\/www.ukstravelworldwide.com\\\/en\\\/\",\"logo\":{\"@type\":\"ImageObject\",\"inLanguage\":\"en-US\",\"@id\":\"https:\\\/\\\/www.ukstravelworldwide.com\\\/en\\\/#\\\/schema\\\/logo\\\/image\\\/\",\"url\":\"https:\\\/\\\/www.ukstravelworldwide.com\\\/wp-content\\\/uploads\\\/2024\\\/04\\\/logo.png\",\"contentUrl\":\"https:\\\/\\\/www.ukstravelworldwide.com\\\/wp-content\\\/uploads\\\/2024\\\/04\\\/logo.png\",\"width\":156,\"height\":40,\"caption\":\"UKS Travel Wolrd Wide\"},\"image\":{\"@id\":\"https:\\\/\\\/www.ukstravelworldwide.com\\\/en\\\/#\\\/schema\\\/logo\\\/image\\\/\"}}]}<\/script>\n<!-- \/ Yoast SEO plugin. -->","yoast_head_json":{"title":"Service Trucks - UKS Travel Wolrd Wide","robots":{"index":"index","follow":"follow","max-snippet":"max-snippet:-1","max-image-preview":"max-image-preview:large","max-video-preview":"max-video-preview:-1"},"canonical":"https:\/\/www.ukstravelworldwide.com\/en\/service-trucks\/","og_locale":"en_US","og_type":"article","og_title":"Service Trucks - UKS Travel Wolrd Wide","og_description":"Service Utility Trucks Commercial Truck Service Order road transport in 3 clicks Get the reach you need to stay ahead [&hellip;]","og_url":"https:\/\/www.ukstravelworldwide.com\/en\/service-trucks\/","og_site_name":"UKS Travel Wolrd Wide","article_modified_time":"2024-11-26T10:19:01+00:00","twitter_card":"summary_large_image","twitter_misc":{"Est. reading time":"1 minute"},"schema":{"@context":"https:\/\/schema.org","@graph":[{"@type":"WebPage","@id":"https:\/\/www.ukstravelworldwide.com\/en\/service-trucks\/","url":"https:\/\/www.ukstravelworldwide.com\/en\/service-trucks\/","name":"Service Trucks - UKS Travel Wolrd Wide","isPartOf":{"@id":"https:\/\/www.ukstravelworldwide.com\/en\/#website"},"datePublished":"2024-04-30T07:52:52+00:00","dateModified":"2024-11-26T10:19:01+00:00","breadcrumb":{"@id":"https:\/\/www.ukstravelworldwide.com\/en\/service-trucks\/#breadcrumb"},"inLanguage":"en-US","potentialAction":[{"@type":"ReadAction","target":["https:\/\/www.ukstravelworldwide.com\/en\/service-trucks\/"]}]},{"@type":"BreadcrumbList","@id":"https:\/\/www.ukstravelworldwide.com\/en\/service-trucks\/#breadcrumb","itemListElement":[{"@type":"ListItem","position":1,"name":"Accueil","item":"https:\/\/www.ukstravelworldwide.com\/en\/"},{"@type":"ListItem","position":2,"name":"Service Trucks"}]},{"@type":"WebSite","@id":"https:\/\/www.ukstravelworldwide.com\/en\/#website","url":"https:\/\/www.ukstravelworldwide.com\/en\/","name":"UKS Travel Wolrd Wide","description":"Chauffeur priv&eacute; Paris &amp; IDF","publisher":{"@id":"https:\/\/www.ukstravelworldwide.com\/en\/#organization"},"potentialAction":[{"@type":"SearchAction","target":{"@type":"EntryPoint","urlTemplate":"https:\/\/www.ukstravelworldwide.com\/en\/?s={search_term_string}"},"query-input":{"@type":"PropertyValueSpecification","valueRequired":true,"valueName":"search_term_string"}}],"inLanguage":"en-US"},{"@type":"Organization","@id":"https:\/\/www.ukstravelworldwide.com\/en\/#organization","name":"UKS Travel Wolrd Wide","url":"https:\/\/www.ukstravelworldwide.com\/en\/","logo":{"@type":"ImageObject","inLanguage":"en-US","@id":"https:\/\/www.ukstravelworldwide.com\/en\/#\/schema\/logo\/image\/","url":"https:\/\/www.ukstravelworldwide.com\/wp-content\/uploads\/2024\/04\/logo.png","contentUrl":"https:\/\/www.ukstravelworldwide.com\/wp-content\/uploads\/2024\/04\/logo.png","width":156,"height":40,"caption":"UKS Travel Wolrd Wide"},"image":{"@id":"https:\/\/www.ukstravelworldwide.com\/en\/#\/schema\/logo\/image\/"}}]}},"_links":{"self":[{"href":"https:\/\/www.ukstravelworldwide.com\/en\/wp-json\/wp\/v2\/pages\/543","targetHints":{"allow":["GET"]}}],"collection":[{"href":"https:\/\/www.ukstravelworldwide.com\/en\/wp-json\/wp\/v2\/pages"}],"about":[{"href":"https:\/\/www.ukstravelworldwide.com\/en\/wp-json\/wp\/v2\/types\/page"}],"author":[{"embeddable":true,"href":"https:\/\/www.ukstravelworldwide.com\/en\/wp-json\/wp\/v2\/users\/1"}],"replies":[{"embeddable":true,"href":"https:\/\/www.ukstravelworldwide.com\/en\/wp-json\/wp\/v2\/comments?post=543"}],"version-history":[{"count":2,"href":"https:\/\/www.ukstravelworldwide.com\/en\/wp-json\/wp\/v2\/pages\/543\/revisions"}],"predecessor-version":[{"id":616,"href":"https:\/\/www.ukstravelworldwide.com\/en\/wp-json\/wp\/v2\/pages\/543\/revisions\/616"}],"wp:attachment":[{"href":"https:\/\/www.ukstravelworldwide.com\/en\/wp-json\/wp\/v2\/media?parent=543"}],"curies":[{"name":"wp","href":"https:\/\/api.w.org\/{rel}","templated":true}]}}